{"id":6334,"date":"2024-04-09T10:25:45","date_gmt":"2024-04-09T08:25:45","guid":{"rendered":"https:\/\/galohavsbad.se\/galo-havsbad\/"},"modified":"2026-04-08T12:26:03","modified_gmt":"2026-04-08T10:26:03","slug":"galo-havsbad","status":"publish","type":"page","link":"https:\/\/galohavsbad.se\/en\/","title":{"rendered":"G\u00e5l\u00f6 Havsbad"},"content":{"rendered":"","protected":false},"excerpt":{"rendered":"","protected":false},"author":1,"featured_media":0,"parent":0,"menu_order":0,"comment_status":"closed","ping_status":"closed","template":"","meta":{"_acf_changed":false,"footnotes":""},"class_list":["post-6334","page","type-page","status-publish","hentry"],"acf":[],"yoast_head":"<!-- This site is optimized with the Yoast SEO plugin v27.2 - https:\/\/yoast.com\/product\/yoast-seo-wordpress\/ -->\n<title>G\u00e5l\u00f6 Havsbad | Camping | Stockholm | Sweden<\/title>\n<meta name=\"description\" content=\"G\u00e5l\u00f6 Havsbad is a four-star resort with camping, cabins, activities, restaurant, weddings and conferences in the archipelago near Stockholm.\" \/>\n<meta name=\"robots\" content=\"index, follow, max-snippet:-1, max-image-preview:large, max-video-preview:-1\" \/>\n<link rel=\"canonical\" href=\"https:\/\/galohavsbad.se\/en\/\" \/>\n<meta property=\"og:locale\" content=\"en_US\" \/>\n<meta property=\"og:type\" content=\"article\" \/>\n<meta property=\"og:title\" content=\"G\u00e5l\u00f6 Havsbad | Camping | Stockholm | Sweden\" \/>\n<meta property=\"og:description\" content=\"G\u00e5l\u00f6 Havsbad is a four-star resort with camping, cabins, activities, restaurant, weddings and conferences in the archipelago near Stockholm.\" \/>\n<meta property=\"og:url\" content=\"https:\/\/galohavsbad.se\/en\/\" \/>\n<meta property=\"og:site_name\" content=\"G\u00e5l\u00f6 Havsbad\" \/>\n<meta property=\"article:publisher\" content=\"https:\/\/www.facebook.com\/GaloHavsbad\/\" \/>\n<meta property=\"article:modified_time\" content=\"2026-04-08T10:26:03+00:00\" \/>\n<meta name=\"twitter:card\" content=\"summary_large_image\" \/>\n<script type=\"application\/ld+json\" class=\"yoast-schema-graph\">{\"@context\":\"https:\/\/schema.org\",\"@graph\":[{\"@type\":\"WebPage\",\"@id\":\"https:\/\/galohavsbad.se\/en\/\",\"url\":\"https:\/\/galohavsbad.se\/en\/\",\"name\":\"G\u00e5l\u00f6 Havsbad | Camping | Stockholm | Sweden\",\"isPartOf\":{\"@id\":\"https:\/\/galohavsbad.se\/#website\"},\"datePublished\":\"2024-04-09T08:25:45+00:00\",\"dateModified\":\"2026-04-08T10:26:03+00:00\",\"description\":\"G\u00e5l\u00f6 Havsbad is a four-star resort with camping, cabins, activities, restaurant, weddings and conferences in the archipelago near Stockholm.\",\"breadcrumb\":{\"@id\":\"https:\/\/galohavsbad.se\/en\/#breadcrumb\"},\"inLanguage\":\"en-US\",\"potentialAction\":[{\"@type\":\"ReadAction\",\"target\":[\"https:\/\/galohavsbad.se\/en\/\"]}]},{\"@type\":\"BreadcrumbList\",\"@id\":\"https:\/\/galohavsbad.se\/en\/#breadcrumb\",\"itemListElement\":[{\"@type\":\"ListItem\",\"position\":1,\"name\":\"Home\",\"item\":\"https:\/\/galohavsbad.se\/en\/\"},{\"@type\":\"ListItem\",\"position\":2,\"name\":\"G\u00e5l\u00f6 Havsbad\"}]},{\"@type\":\"WebSite\",\"@id\":\"https:\/\/galohavsbad.se\/#website\",\"url\":\"https:\/\/galohavsbad.se\/\",\"name\":\"G\u00e5lo Havsbad\",\"description\":\"\",\"publisher\":{\"@id\":\"https:\/\/galohavsbad.se\/#organization\"},\"potentialAction\":[{\"@type\":\"SearchAction\",\"target\":{\"@type\":\"EntryPoint\",\"urlTemplate\":\"https:\/\/galohavsbad.se\/?s={search_term_string}\"},\"query-input\":{\"@type\":\"PropertyValueSpecification\",\"valueRequired\":true,\"valueName\":\"search_term_string\"}}],\"inLanguage\":\"en-US\"},{\"@type\":\"Organization\",\"@id\":\"https:\/\/galohavsbad.se\/#organization\",\"name\":\"G\u00e5lo Havsbad\",\"url\":\"https:\/\/galohavsbad.se\/\",\"logo\":{\"@type\":\"ImageObject\",\"inLanguage\":\"en-US\",\"@id\":\"https:\/\/galohavsbad.se\/#\/schema\/logo\/image\/\",\"url\":\"https:\/\/galohavsbad.se\/wp-content\/uploads\/2024\/04\/logo-light.svg\",\"contentUrl\":\"https:\/\/galohavsbad.se\/wp-content\/uploads\/2024\/04\/logo-light.svg\",\"width\":291,\"height\":33,\"caption\":\"G\u00e5lo Havsbad\"},\"image\":{\"@id\":\"https:\/\/galohavsbad.se\/#\/schema\/logo\/image\/\"},\"sameAs\":[\"https:\/\/www.facebook.com\/GaloHavsbad\/\",\"https:\/\/www.instagram.com\/galo.havsbad\",\"https:\/\/www.tripadvisor.se\/Hotel_Review-g15025481-d2186380-Reviews-Galo_Havsbad-Galo.html\"]}]}<\/script>\n<!-- \/ Yoast SEO plugin. -->","yoast_head_json":{"title":"G\u00e5l\u00f6 Havsbad | Camping | Stockholm | Sweden","description":"G\u00e5l\u00f6 Havsbad is a four-star resort with camping, cabins, activities, restaurant, weddings and conferences in the archipelago near Stockholm.","robots":{"index":"index","follow":"follow","max-snippet":"max-snippet:-1","max-image-preview":"max-image-preview:large","max-video-preview":"max-video-preview:-1"},"canonical":"https:\/\/galohavsbad.se\/en\/","og_locale":"en_US","og_type":"article","og_title":"G\u00e5l\u00f6 Havsbad | Camping | Stockholm | Sweden","og_description":"G\u00e5l\u00f6 Havsbad is a four-star resort with camping, cabins, activities, restaurant, weddings and conferences in the archipelago near Stockholm.","og_url":"https:\/\/galohavsbad.se\/en\/","og_site_name":"G\u00e5l\u00f6 Havsbad","article_publisher":"https:\/\/www.facebook.com\/GaloHavsbad\/","article_modified_time":"2026-04-08T10:26:03+00:00","twitter_card":"summary_large_image","schema":{"@context":"https:\/\/schema.org","@graph":[{"@type":"WebPage","@id":"https:\/\/galohavsbad.se\/en\/","url":"https:\/\/galohavsbad.se\/en\/","name":"G\u00e5l\u00f6 Havsbad | Camping | Stockholm | Sweden","isPartOf":{"@id":"https:\/\/galohavsbad.se\/#website"},"datePublished":"2024-04-09T08:25:45+00:00","dateModified":"2026-04-08T10:26:03+00:00","description":"G\u00e5l\u00f6 Havsbad is a four-star resort with camping, cabins, activities, restaurant, weddings and conferences in the archipelago near Stockholm.","breadcrumb":{"@id":"https:\/\/galohavsbad.se\/en\/#breadcrumb"},"inLanguage":"en-US","potentialAction":[{"@type":"ReadAction","target":["https:\/\/galohavsbad.se\/en\/"]}]},{"@type":"BreadcrumbList","@id":"https:\/\/galohavsbad.se\/en\/#breadcrumb","itemListElement":[{"@type":"ListItem","position":1,"name":"Home","item":"https:\/\/galohavsbad.se\/en\/"},{"@type":"ListItem","position":2,"name":"G\u00e5l\u00f6 Havsbad"}]},{"@type":"WebSite","@id":"https:\/\/galohavsbad.se\/#website","url":"https:\/\/galohavsbad.se\/","name":"G\u00e5lo Havsbad","description":"","publisher":{"@id":"https:\/\/galohavsbad.se\/#organization"},"potentialAction":[{"@type":"SearchAction","target":{"@type":"EntryPoint","urlTemplate":"https:\/\/galohavsbad.se\/?s={search_term_string}"},"query-input":{"@type":"PropertyValueSpecification","valueRequired":true,"valueName":"search_term_string"}}],"inLanguage":"en-US"},{"@type":"Organization","@id":"https:\/\/galohavsbad.se\/#organization","name":"G\u00e5lo Havsbad","url":"https:\/\/galohavsbad.se\/","logo":{"@type":"ImageObject","inLanguage":"en-US","@id":"https:\/\/galohavsbad.se\/#\/schema\/logo\/image\/","url":"https:\/\/galohavsbad.se\/wp-content\/uploads\/2024\/04\/logo-light.svg","contentUrl":"https:\/\/galohavsbad.se\/wp-content\/uploads\/2024\/04\/logo-light.svg","width":291,"height":33,"caption":"G\u00e5lo Havsbad"},"image":{"@id":"https:\/\/galohavsbad.se\/#\/schema\/logo\/image\/"},"sameAs":["https:\/\/www.facebook.com\/GaloHavsbad\/","https:\/\/www.instagram.com\/galo.havsbad","https:\/\/www.tripadvisor.se\/Hotel_Review-g15025481-d2186380-Reviews-Galo_Havsbad-Galo.html"]}]}},"_links":{"self":[{"href":"https:\/\/galohavsbad.se\/en\/wp-json\/wp\/v2\/pages\/6334","targetHints":{"allow":["GET"]}}],"collection":[{"href":"https:\/\/galohavsbad.se\/en\/wp-json\/wp\/v2\/pages"}],"about":[{"href":"https:\/\/galohavsbad.se\/en\/wp-json\/wp\/v2\/types\/page"}],"author":[{"embeddable":true,"href":"https:\/\/galohavsbad.se\/en\/wp-json\/wp\/v2\/users\/1"}],"replies":[{"embeddable":true,"href":"https:\/\/galohavsbad.se\/en\/wp-json\/wp\/v2\/comments?post=6334"}],"version-history":[{"count":14,"href":"https:\/\/galohavsbad.se\/en\/wp-json\/wp\/v2\/pages\/6334\/revisions"}],"predecessor-version":[{"id":7492,"href":"https:\/\/galohavsbad.se\/en\/wp-json\/wp\/v2\/pages\/6334\/revisions\/7492"}],"wp:attachment":[{"href":"https:\/\/galohavsbad.se\/en\/wp-json\/wp\/v2\/media?parent=6334"}],"curies":[{"name":"wp","href":"https:\/\/api.w.org\/{rel}","templated":true}]}}